{"id":84,"date":"2025-07-21T18:25:47","date_gmt":"2025-07-21T18:25:47","guid":{"rendered":"https:\/\/test.ancestorschallenge.com\/?page_id=84"},"modified":"2025-07-21T18:25:47","modified_gmt":"2025-07-21T18:25:47","slug":"first-mile-connectivity-consortium","status":"publish","type":"page","link":"https:\/\/firstmile.ca\/fr\/first-mile-connectivity-consortium\/","title":{"rendered":"First Mile Connectivity Consortium"},"content":{"rendered":"<p>[et_pb_section fb_built=&#8221;1&#8243; fullwidth=&#8221;on&#8221; admin_label=&#8221;Hero Section&#8221; _builder_version=&#8221;4.16&#8243; background_color=&#8221;#233b4e&#8221; parallax=&#8221;on&#8221; custom_padding=&#8221;0px|0px|0px|0px&#8221; global_colors_info=&#8221;{}&#8221; theme_builder_area=&#8221;post_content&#8221;][et_pb_fullwidth_header title=&#8221;First Mile Connectivity Consortium &#8221; header_fullscreen=&#8221;on&#8221; background_overlay_color=&#8221;rgba(29,38,51,0.47)&#8221; content_max_width=&#8221;700px&#8221; admin_label=&#8221;Hero&#8221; _builder_version=&#8221;4.27.4&#8243; title_font=&#8221;Oswald|on||on|&#8221; title_font_size=&#8221;80px&#8221; title_line_height=&#8221;1.3em&#8221; content_font=&#8221;Roboto||||&#8221; content_font_size=&#8221;20px&#8221; background_color=&#8221;rgba(255, 255, 255, 0)&#8221; background_image=&#8221;https:\/\/firstmile.ca\/fr\/wp-content\/uploads\/2025\/07\/travel-landscape-17.jpg&#8221; custom_button_one=&#8221;on&#8221; button_one_border_radius=&#8221;0px&#8221; button_one_letter_spacing=&#8221;4px&#8221; button_one_font=&#8221;Oswald|on||on|&#8221; button_one_icon=&#8221;&#x24;||divi||400&#8243; button_one_icon_color=&#8221;#ffffff&#8221; animation_style=&#8221;zoom&#8221; animation_direction=&#8221;bottom&#8221; animation_intensity_zoom=&#8221;4%&#8221; hover_enabled=&#8221;0&#8243; button_one_text_color_hover=&#8221;#ffffff&#8221; button_one_border_color_hover=&#8221;#ffffff&#8221; button_one_border_radius_hover=&#8221;0px&#8221; button_one_letter_spacing_hover=&#8221;4px&#8221; button_one_bg_color_hover=&#8221;rgba(0,0,0,0)&#8221; global_colors_info=&#8221;{}&#8221; button_one_text_size__hover_enabled=&#8221;off&#8221; button_two_text_size__hover_enabled=&#8221;off&#8221; button_one_text_color__hover_enabled=&#8221;on&#8221; button_one_text_color__hover=&#8221;#ffffff&#8221; button_two_text_color__hover_enabled=&#8221;off&#8221; button_one_border_width__hover_enabled=&#8221;off&#8221; button_two_border_width__hover_enabled=&#8221;off&#8221; button_one_border_color__hover_enabled=&#8221;on&#8221; button_one_border_color__hover=&#8221;#ffffff&#8221; button_two_border_color__hover_enabled=&#8221;off&#8221; button_one_border_radius__hover_enabled=&#8221;on&#8221; button_one_border_radius__hover=&#8221;0px&#8221; button_two_border_radius__hover_enabled=&#8221;off&#8221; button_one_letter_spacing__hover_enabled=&#8221;on&#8221; button_one_letter_spacing__hover=&#8221;4px&#8221; button_two_letter_spacing__hover_enabled=&#8221;off&#8221; button_one_bg_color__hover_enabled=&#8221;on&#8221; button_one_bg_color__hover=&#8221;rgba(0,0,0,0)&#8221; button_two_bg_color__hover_enabled=&#8221;off&#8221; theme_builder_area=&#8221;post_content&#8221; sticky_enabled=&#8221;0&#8243; title_text=&#8221;travel-landscape-17&#8243;][\/et_pb_fullwidth_header][\/et_pb_section][et_pb_section fb_built=&#8221;1&#8243; _builder_version=&#8221;4.27.4&#8243; background_color=&#8221;#232323&#8243; background_position=&#8221;center_right&#8221; background_horizontal_offset=&#8221;-83%&#8221; background_blend=&#8221;soft-light&#8221; custom_padding=&#8221;110px||110px|&#8221; hover_enabled=&#8221;0&#8243; global_colors_info=&#8221;{}&#8221; theme_builder_area=&#8221;post_content&#8221; background_enable_image=&#8221;off&#8221; sticky_enabled=&#8221;0&#8243;][et_pb_row _builder_version=&#8221;4.16&#8243; global_colors_info=&#8221;{}&#8221; theme_builder_area=&#8221;post_content&#8221;][et_pb_column type=&#8221;4_4&#8243; _builder_version=&#8221;4.16&#8243; custom_padding=&#8221;|||&#8221; global_colors_info=&#8221;{}&#8221; custom_padding__hover=&#8221;|||&#8221; theme_builder_area=&#8221;post_content&#8221;][et_pb_text admin_label=&#8221;Discover Beatuty Text&#8221; _builder_version=&#8221;4.27.4&#8243; text_font=&#8221;Roboto||||&#8221; text_text_color=&#8221;#FFFFFF&#8221; text_font_size=&#8221;20px&#8221; custom_padding=&#8221;30px|||&#8221; animation_style=&#8221;slide&#8221; animation_direction=&#8221;top&#8221; animation_delay=&#8221;200ms&#8221; animation_intensity_slide=&#8221;10%&#8221; hover_enabled=&#8221;0&#8243; global_colors_info=&#8221;{}&#8221; theme_builder_area=&#8221;post_content&#8221; sticky_enabled=&#8221;0&#8243; ul_line_height=&#8221;0.75em&#8221;]<\/p>\n<p><b><span data-contrast=\"auto\">First Mile Connectivity Consortium<\/span><\/b><span data-ccp-props=\"{}\">\u00a0<\/span><\/p>\n<p><span data-contrast=\"auto\">Le First\u202fMile Connectivity Consortium (FMCC) est un organisme national sans but lucratif enregistr\u00e9 au Canada. Le FMCC compte parmi ses membres des organisations de t\u00e9l\u00e9communications communautaires des Premi\u00e8res\u202fNations offrant des services dans les communaut\u00e9s \u00e9loign\u00e9es et rurales. Ces organisations repr\u00e9sentent les int\u00e9r\u00eats en mati\u00e8re de t\u00e9l\u00e9communications des citoyens de leurs communaut\u00e9s membres. Le FMCC est \u00e9galement reconnu par l\u2019Assembl\u00e9e des Premi\u00e8res\u202fNations (APN) en tant que r\u00e9seau de professionnels qui appuie le d\u00e9veloppement de fournisseurs de services Internet des Premi\u00e8res\u202fNations et la possibilit\u00e9 pour les Premi\u00e8res\u202fNations de mettre en place et d\u2019exploiter leurs propres infrastructures et services de t\u00e9l\u00e9communications et de connectivit\u00e9. Les partenaires de recherche du FMCC comprennent des experts sp\u00e9cialis\u00e9s dans les infrastructures \u00e0 large bande et l\u2019adoption des technologies num\u00e9riques dans les communaut\u00e9s \u00e9loign\u00e9es et rurales. Vous pouvez acc\u00e9der aux renseignements suivants en cliquant sur les liens ci-dessous\u202f:\u00a0<\/span><span data-ccp-props=\"{}\">\u00a0<\/span><\/p>\n<ul>\n<li aria-setsize=\"-1\" data-leveltext=\"\uf0b7\" data-font=\"Symbol\" data-listid=\"1\" data-list-defn-props=\"{&quot;335552541&quot;:1,&quot;335559685&quot;:720,&quot;335559991&quot;:360,&quot;469769226&quot;:&quot;Symbol&quot;,&quot;469769242&quot;:[8226],&quot;469777803&quot;:&quot;left&quot;,&quot;469777804&quot;:&quot;\uf0b7&quot;,&quot;469777815&quot;:&quot;multilevel&quot;}\" data-aria-posinset=\"1\" data-aria-level=\"1\"><a href=\"http:\/\/firstmile.ca\/fmcc-2\/founding-directors\/\"><span data-contrast=\"none\">Conseil d\u2019administration, membres et partenaires de recherche du FMCC<\/span><\/a><span data-ccp-props=\"{}\">\u00a0<\/span><\/li>\n<\/ul>\n<ul>\n<li aria-setsize=\"-1\" data-leveltext=\"\uf0b7\" data-font=\"Symbol\" data-listid=\"1\" data-list-defn-props=\"{&quot;335552541&quot;:1,&quot;335559685&quot;:720,&quot;335559991&quot;:360,&quot;469769226&quot;:&quot;Symbol&quot;,&quot;469769242&quot;:[8226],&quot;469777803&quot;:&quot;left&quot;,&quot;469777804&quot;:&quot;\uf0b7&quot;,&quot;469777815&quot;:&quot;multilevel&quot;}\" data-aria-posinset=\"2\" data-aria-level=\"1\"><a href=\"http:\/\/firstmile.ca\/fmcc-2\/activities\/\"><span data-contrast=\"none\">Activit\u00e9s actuelles et r\u00e9centes du FMCC<\/span><\/a><span data-ccp-props=\"{}\">\u00a0<\/span><\/li>\n<\/ul>\n<p><span data-contrast=\"auto\"><\/span><\/p>\n<p><span data-contrast=\"auto\">Le FMCC a \u00e9t\u00e9 mis sur pied dans le but d\u2019offrir les services suivants\u202f:<\/span><span data-ccp-props=\"{}\">\u00a0<\/span><\/p>\n<ul>\n<li aria-setsize=\"-1\" data-leveltext=\"\uf0b7\" data-font=\"Symbol\" data-listid=\"2\" data-list-defn-props=\"{&quot;335552541&quot;:1,&quot;335559685&quot;:720,&quot;335559991&quot;:360,&quot;469769226&quot;:&quot;Symbol&quot;,&quot;469769242&quot;:[8226],&quot;469777803&quot;:&quot;left&quot;,&quot;469777804&quot;:&quot;\uf0b7&quot;,&quot;469777815&quot;:&quot;multilevel&quot;}\" data-aria-posinset=\"1\" data-aria-level=\"1\"><span data-contrast=\"auto\">Services consultatifs<\/span><span data-ccp-props=\"{}\">\u00a0<\/span><\/li>\n<\/ul>\n<ul>\n<li aria-setsize=\"-1\" data-leveltext=\"\uf0b7\" data-font=\"Symbol\" data-listid=\"2\" data-list-defn-props=\"{&quot;335552541&quot;:1,&quot;335559685&quot;:720,&quot;335559991&quot;:360,&quot;469769226&quot;:&quot;Symbol&quot;,&quot;469769242&quot;:[8226],&quot;469777803&quot;:&quot;left&quot;,&quot;469777804&quot;:&quot;\uf0b7&quot;,&quot;469777815&quot;:&quot;multilevel&quot;}\" data-aria-posinset=\"2\" data-aria-level=\"1\"><span data-contrast=\"auto\">Services de recherche, de publication et de r\u00e9daction<\/span><span data-ccp-props=\"{}\">\u00a0<\/span><\/li>\n<\/ul>\n<ul>\n<li aria-setsize=\"-1\" data-leveltext=\"\uf0b7\" data-font=\"Symbol\" data-listid=\"2\" data-list-defn-props=\"{&quot;335552541&quot;:1,&quot;335559685&quot;:720,&quot;335559991&quot;:360,&quot;469769226&quot;:&quot;Symbol&quot;,&quot;469769242&quot;:[8226],&quot;469777803&quot;:&quot;left&quot;,&quot;469777804&quot;:&quot;\uf0b7&quot;,&quot;469777815&quot;:&quot;multilevel&quot;}\" data-aria-posinset=\"3\" data-aria-level=\"1\"><span data-contrast=\"auto\">Production num\u00e9rique et multim\u00e9dia<\/span><span data-ccp-props=\"{}\">\u00a0<\/span><\/li>\n<\/ul>\n<ul>\n<li aria-setsize=\"-1\" data-leveltext=\"\uf0b7\" data-font=\"Symbol\" data-listid=\"2\" data-list-defn-props=\"{&quot;335552541&quot;:1,&quot;335559685&quot;:720,&quot;335559991&quot;:360,&quot;469769226&quot;:&quot;Symbol&quot;,&quot;469769242&quot;:[8226],&quot;469777803&quot;:&quot;left&quot;,&quot;469777804&quot;:&quot;\uf0b7&quot;,&quot;469777815&quot;:&quot;multilevel&quot;}\" data-aria-posinset=\"4\" data-aria-level=\"1\"><span data-contrast=\"auto\">Activit\u00e9s de r\u00e9seautage et organisation d\u2019\u00e9v\u00e9nements<\/span><span data-ccp-props=\"{}\">\u00a0<\/span><\/li>\n<\/ul>\n<ul>\n<li aria-setsize=\"-1\" data-leveltext=\"\uf0b7\" data-font=\"Symbol\" data-listid=\"2\" data-list-defn-props=\"{&quot;335552541&quot;:1,&quot;335559685&quot;:720,&quot;335559991&quot;:360,&quot;469769226&quot;:&quot;Symbol&quot;,&quot;469769242&quot;:[8226],&quot;469777803&quot;:&quot;left&quot;,&quot;469777804&quot;:&quot;\uf0b7&quot;,&quot;469777815&quot;:&quot;multilevel&quot;}\" data-aria-posinset=\"5\" data-aria-level=\"1\"><span data-contrast=\"auto\">Services de promotion et de sensibilisation<\/span><span data-ccp-props=\"{}\">\u00a0<\/span><\/li>\n<\/ul>\n<ul>\n<li aria-setsize=\"-1\" data-leveltext=\"\uf0b7\" data-font=\"Symbol\" data-listid=\"2\" data-list-defn-props=\"{&quot;335552541&quot;:1,&quot;335559685&quot;:720,&quot;335559991&quot;:360,&quot;469769226&quot;:&quot;Symbol&quot;,&quot;469769242&quot;:[8226],&quot;469777803&quot;:&quot;left&quot;,&quot;469777804&quot;:&quot;\uf0b7&quot;,&quot;469777815&quot;:&quot;multilevel&quot;}\" data-aria-posinset=\"6\" data-aria-level=\"1\"><span data-contrast=\"auto\">Formation et renforcement des capacit\u00e9s<\/span><span data-ccp-props=\"{}\">\u00a0<\/span><\/li>\n<\/ul>\n<ul>\n<li aria-setsize=\"-1\" data-leveltext=\"\uf0b7\" data-font=\"Symbol\" data-listid=\"2\" data-list-defn-props=\"{&quot;335552541&quot;:1,&quot;335559685&quot;:720,&quot;335559991&quot;:360,&quot;469769226&quot;:&quot;Symbol&quot;,&quot;469769242&quot;:[8226],&quot;469777803&quot;:&quot;left&quot;,&quot;469777804&quot;:&quot;\uf0b7&quot;,&quot;469777815&quot;:&quot;multilevel&quot;}\" data-aria-posinset=\"7\" data-aria-level=\"1\"><span data-contrast=\"auto\">Autres services, selon ce qui est convenu par les membres\u00a0<\/span><span data-ccp-props=\"{}\">\u00a0<\/span><\/li>\n<\/ul>\n<p><span data-contrast=\"auto\"><\/span><\/p>\n<p><span data-contrast=\"auto\">Le FMCC est principalement engag\u00e9 dans le d\u00e9veloppement de politiques fond\u00e9es sur des donn\u00e9es probantes li\u00e9es aux infrastructures \u00e0 large bande, aux services num\u00e9riques et \u00e0 l\u2019adoption de technologies dans les communaut\u00e9s \u00e9loign\u00e9es et rurales. L\u2019organisation se concentre sur les r\u00e9glementations et politiques f\u00e9d\u00e9rales. Le travail r\u00e9alis\u00e9 par le FMCC \u00e0 ce jour a principalement contribu\u00e9 aux travaux du <\/span><a href=\"https:\/\/crtc.gc.ca\/fra\/accueil-home.htm\"><span data-contrast=\"none\">Conseil de la radiodiffusion et des t\u00e9l\u00e9communications canadiennes<\/span><\/a><span data-contrast=\"auto\"> (CRTC) et d\u2019<\/span><a href=\"https:\/\/ised-isde.canada.ca\/site\/isde\/fr\"><span data-contrast=\"none\">Innovation, Sciences et D\u00e9veloppement \u00e9conomique Canada (ISDE)<\/span><\/a><span data-contrast=\"auto\">. Le CRTC cr\u00e9e des r\u00e9glementations portant sur les infrastructures \u00e0 large bande et les technologies et de l\u2019information et des communications (TIC) relatives aux Premi\u00e8res\u202fNations. Le FMCC prend part \u00e0 d\u2019autres processus d\u2019\u00e9laboration de politiques aupr\u00e8s d\u2019ISDE et d\u2019autres organismes gouvernementaux lorsqu\u2019ils peuvent potentiellement appuyer le contr\u00f4le et la propri\u00e9t\u00e9 des infrastructures \u00e0 large bande et des TIC par les Premi\u00e8res\u202fNations.<\/span><span data-ccp-props=\"{}\">\u00a0<\/span><\/p>\n<ul>\n<li aria-setsize=\"-1\" data-leveltext=\"\uf0b7\" data-font=\"Symbol\" data-listid=\"3\" data-list-defn-props=\"{&quot;335552541&quot;:1,&quot;335559685&quot;:720,&quot;335559991&quot;:360,&quot;469769226&quot;:&quot;Symbol&quot;,&quot;469769242&quot;:[8226],&quot;469777803&quot;:&quot;left&quot;,&quot;469777804&quot;:&quot;\uf0b7&quot;,&quot;469777815&quot;:&quot;multilevel&quot;}\" data-aria-posinset=\"1\" data-aria-level=\"1\"><a href=\"http:\/\/firstmile.ca\/wp-content\/uploads\/2015\/03\/FMCC-Bylaws.pdf\"><span data-contrast=\"none\">R\u00e8glements administratifs du FMCC<\/span><\/a><span data-ccp-props=\"{}\">\u00a0<\/span><\/li>\n<\/ul>\n<ul>\n<li aria-setsize=\"-1\" data-leveltext=\"\uf0b7\" data-font=\"Symbol\" data-listid=\"3\" data-list-defn-props=\"{&quot;335552541&quot;:1,&quot;335559685&quot;:720,&quot;335559991&quot;:360,&quot;469769226&quot;:&quot;Symbol&quot;,&quot;469769242&quot;:[8226],&quot;469777803&quot;:&quot;left&quot;,&quot;469777804&quot;:&quot;\uf0b7&quot;,&quot;469777815&quot;:&quot;multilevel&quot;}\" data-aria-posinset=\"2\" data-aria-level=\"1\"><a href=\"http:\/\/firstmile.ca\/wp-content\/uploads\/2015\/03\/FMCC-Statement-of-Principles.pdf\"><span data-contrast=\"none\">\u00c9nonc\u00e9 de principes<\/span><\/a><span data-ccp-props=\"{}\">\u00a0<\/span><\/li>\n<\/ul>\n<p><span data-contrast=\"auto\"><\/span><\/p>\n<p><span data-contrast=\"auto\">L\u2019approche du FMCC \u00e0 l\u2019\u00e9gard des interventions politiques et r\u00e9glementaires se r\u00e9sume comme suit\u202f:<\/span><span data-ccp-props=\"{}\">\u00a0<\/span><\/p>\n<ol>\n<li><span data-contrast=\"auto\">Toutes les interventions sont effectu\u00e9es de fa\u00e7on collective au nom des membres du FMCC. Chaque membre est libre de pr\u00e9senter ses propres prises de position ind\u00e9pendantes.<\/span><span data-ccp-props=\"{}\">\u00a0<\/span><\/li>\n<li><span data-contrast=\"auto\">Le personnel du FMCC proc\u00e9dera \u00e0 la conception d\u2019une proposition formelle (pr\u00e9liminaire) des points cl\u00e9s, arguments, strat\u00e9gies et \u00e9l\u00e9ments probants, de m\u00eame qu\u2019\u00e0 la distribution de cette proposition \u00e0 ses membres afin d\u2019obtenir leur avis.<\/span><span data-ccp-props=\"{}\">\u00a0<\/span><\/li>\n<li><span data-contrast=\"auto\">Le personnel du FMCC assumera la responsabilit\u00e9 de la pr\u00e9sentation finale et gardera les membres inform\u00e9s de la soumission finale et des r\u00e9sultats qui en d\u00e9coulent.<\/span><span data-ccp-props=\"{}\">\u00a0<\/span><\/li>\n<li><span data-contrast=\"auto\">Le FMCC aura recours \u00e0 la m\u00e9thode du consensus pour solliciter des commentaires\u202f: les membres devront fournir leurs commentaires avant une certaine date butoir, apr\u00e8s laquelle le personnel du FMCC fera progresser l\u2019intervention.<\/span><span data-ccp-props=\"{}\">\u00a0<\/span><\/li>\n<li><span data-contrast=\"auto\">Les membres du FMCC ont la possibilit\u00e9 de joindre le nom de leur organisation \u00e0 l\u2019intervention.<\/span><span data-ccp-props=\"{}\">\u00a0<\/span><\/li>\n<\/ol>\n<p><span data-contrast=\"auto\">Pour en savoir plus le ce travail d\u2019\u00e9laboration de politiques, jetez un \u0153il \u00e0 la section FMCC du site\u202fWeb ou communiquez avec Rob\u202fMcMahon, coordonnateur du FMCC, \u00e0 l\u2019adresse\u202f<\/span><a href=\"mailto:info@firstmile.ca\"><span data-contrast=\"none\">info@firstmile.ca<\/span><\/a><span data-ccp-props=\"{}\">\u00a0<\/span><\/p>\n<p>[\/et_pb_text][\/et_pb_column][\/et_pb_row][\/et_pb_section][et_pb_section fb_built=&#8221;1&#8243; admin_label=&#8221;CTA&#8221; _builder_version=&#8221;4.16&#8243; background_image=&#8221;https:\/\/firstmile.ca\/fr\/wp-content\/uploads\/2025\/07\/travel-landscape-13.png&#8221; parallax=&#8221;on&#8221; custom_margin=&#8221;|||&#8221; custom_padding=&#8221;0px|||&#8221; global_colors_info=&#8221;{}&#8221; theme_builder_area=&#8221;post_content&#8221;][et_pb_row use_custom_gutter=&#8221;on&#8221; gutter_width=&#8221;1&#8243; custom_padding_last_edited=&#8221;on|tablet&#8221; module_class=&#8221; et_pb_row_fullwidth&#8221; _builder_version=&#8221;4.16&#8243; use_background_color_gradient=&#8221;on&#8221; background_color_gradient_stops=&#8221;#ffffff 0%|rgba(255,255,255,0) 22%&#8221; background_color_gradient_start=&#8221;#ffffff&#8221; background_color_gradient_end=&#8221;rgba(255,255,255,0)&#8221; background_color_gradient_end_position=&#8221;22%&#8221; width=&#8221;100%&#8221; width_tablet=&#8221;100%&#8221; width_phone=&#8221;100%&#8221; width_last_edited=&#8221;on|desktop&#8221; max_width=&#8221;100%&#8221; max_width_tablet=&#8221;100%&#8221; max_width_phone=&#8221;100%&#8221; max_width_last_edited=&#8221;on|desktop&#8221; custom_padding=&#8221;220px|0px|220px|0px&#8221; custom_padding_tablet=&#8221;0px|||&#8221; custom_padding_phone=&#8221;&#8221; make_fullwidth=&#8221;on&#8221; global_colors_info=&#8221;{}&#8221; theme_builder_area=&#8221;post_content&#8221;][et_pb_column type=&#8221;4_4&#8243; _builder_version=&#8221;4.16&#8243; custom_padding=&#8221;|||&#8221; global_colors_info=&#8221;{}&#8221; custom_padding__hover=&#8221;|||&#8221; theme_builder_area=&#8221;post_content&#8221;][et_pb_text admin_label=&#8221;CTA Section Title&#8221; _builder_version=&#8221;4.27.4&#8243; text_font=&#8221;||||&#8221; text_line_height=&#8221;1em&#8221; header_font=&#8221;Oswald|on||on|&#8221; header_text_align=&#8221;center&#8221; header_font_size=&#8221;60px&#8221; header_line_height=&#8221;1.3em&#8221; module_alignment=&#8221;center&#8221; custom_margin=&#8221;||60px|&#8221; custom_padding=&#8221;|||&#8221; animation_style=&#8221;slide&#8221; animation_direction=&#8221;top&#8221; animation_intensity_slide=&#8221;10%&#8221; locked=&#8221;off&#8221; global_colors_info=&#8221;{}&#8221; theme_builder_area=&#8221;post_content&#8221;]<\/p>\n<h1>suivez-nous<\/h1>\n<p>[\/et_pb_text][et_pb_social_media_follow use_icon_font_size=&#8221;on&#8221; _builder_version=&#8221;4.27.4&#8243; _module_preset=&#8221;default&#8221; text_orientation=&#8221;center&#8221; global_colors_info=&#8221;{}&#8221; theme_builder_area=&#8221;post_content&#8221;][et_pb_social_media_follow_network social_network=&#8221;facebook&#8221; _builder_version=&#8221;4.27.4&#8243; _module_preset=&#8221;default&#8221; background_color=&#8221;#3b5998&#8243; global_colors_info=&#8221;{}&#8221; theme_builder_area=&#8221;post_content&#8221; follow_button=&#8221;off&#8221; url_new_window=&#8221;on&#8221;]facebook[\/et_pb_social_media_follow_network][et_pb_social_media_follow_network social_network=&#8221;twitter&#8221; _builder_version=&#8221;4.27.4&#8243; _module_preset=&#8221;default&#8221; background_color=&#8221;#000000&#8243; global_colors_info=&#8221;{}&#8221; theme_builder_area=&#8221;post_content&#8221; follow_button=&#8221;off&#8221; url_new_window=&#8221;on&#8221;]X[\/et_pb_social_media_follow_network][\/et_pb_social_media_follow][et_pb_image src=&#8221;https:\/\/firstmile.ca\/fr\/wp-content\/uploads\/2025\/07\/couple2.png&#8221; show_bottom_space=&#8221;off&#8221; align=&#8221;center&#8221; align_tablet=&#8221;center&#8221; align_phone=&#8221;center&#8221; align_last_edited=&#8221;on|desktop&#8221; _builder_version=&#8221;4.16&#8243; custom_margin=&#8221;100px|||&#8221; global_colors_info=&#8221;{}&#8221; theme_builder_area=&#8221;post_content&#8221;][\/et_pb_image][\/et_pb_column][\/et_pb_row][\/et_pb_section]<\/p>\n","protected":false},"excerpt":{"rendered":"<p>First Mile Connectivity Consortium\u00a0 Le First\u202fMile Connectivity Consortium (FMCC) est un organisme national sans but lucratif enregistr\u00e9 au Canada. Le FMCC compte parmi ses membres des organisations de t\u00e9l\u00e9communications communautaires des Premi\u00e8res\u202fNations offrant des services dans les communaut\u00e9s \u00e9loign\u00e9es et rurales. Ces organisations repr\u00e9sentent les int\u00e9r\u00eats en mati\u00e8re de t\u00e9l\u00e9communications des citoyens de leurs communaut\u00e9s [&hellip;]<\/p>\n","protected":false},"author":1,"featured_media":0,"parent":0,"menu_order":0,"comment_status":"closed","ping_status":"closed","template":"","meta":{"_et_pb_use_builder":"on","_et_pb_old_content":"","_et_gb_content_width":"","footnotes":""},"class_list":["post-84","page","type-page","status-publish","hentry"],"_links":{"self":[{"href":"https:\/\/firstmile.ca\/fr\/wp-json\/wp\/v2\/pages\/84","targetHints":{"allow":["GET"]}}],"collection":[{"href":"https:\/\/firstmile.ca\/fr\/wp-json\/wp\/v2\/pages"}],"about":[{"href":"https:\/\/firstmile.ca\/fr\/wp-json\/wp\/v2\/types\/page"}],"author":[{"embeddable":true,"href":"https:\/\/firstmile.ca\/fr\/wp-json\/wp\/v2\/users\/1"}],"replies":[{"embeddable":true,"href":"https:\/\/firstmile.ca\/fr\/wp-json\/wp\/v2\/comments?post=84"}],"version-history":[{"count":0,"href":"https:\/\/firstmile.ca\/fr\/wp-json\/wp\/v2\/pages\/84\/revisions"}],"wp:attachment":[{"href":"https:\/\/firstmile.ca\/fr\/wp-json\/wp\/v2\/media?parent=84"}],"curies":[{"name":"wp","href":"https:\/\/api.w.org\/{rel}","templated":true}]}}