{"id":127,"date":"2025-07-29T13:32:06","date_gmt":"2025-07-29T13:32:06","guid":{"rendered":"https:\/\/test.ancestorschallenge.com\/?page_id=127"},"modified":"2025-07-29T13:32:06","modified_gmt":"2025-07-29T13:32:06","slug":"a-propos","status":"publish","type":"page","link":"https:\/\/firstmile.ca\/fr\/a-propos\/","title":{"rendered":"A propos\u00a0"},"content":{"rendered":"<p>[et_pb_section fb_built=&#8221;1&#8243; fullwidth=&#8221;on&#8221; admin_label=&#8221;Hero Section&#8221; _builder_version=&#8221;4.16&#8243; background_color=&#8221;#233b4e&#8221; parallax=&#8221;on&#8221; custom_padding=&#8221;0px|0px|0px|0px&#8221; global_colors_info=&#8221;{}&#8221; theme_builder_area=&#8221;post_content&#8221;][et_pb_fullwidth_header title=&#8221;\u00c0 propos &#8221; header_fullscreen=&#8221;on&#8221; background_overlay_color=&#8221;rgba(29,38,51,0.47)&#8221; content_max_width=&#8221;700px&#8221; admin_label=&#8221;Hero&#8221; _builder_version=&#8221;4.27.4&#8243; title_font=&#8221;Oswald|on||on|&#8221; title_font_size=&#8221;80px&#8221; title_line_height=&#8221;1.3em&#8221; content_font=&#8221;Roboto||||&#8221; content_font_size=&#8221;20px&#8221; background_color=&#8221;rgba(255, 255, 255, 0)&#8221; background_image=&#8221;https:\/\/firstmile.ca\/fr\/wp-content\/uploads\/2025\/07\/propos.jpg&#8221; custom_button_one=&#8221;on&#8221; button_one_border_radius=&#8221;0px&#8221; button_one_letter_spacing=&#8221;4px&#8221; button_one_font=&#8221;Oswald|on||on|&#8221; button_one_icon=&#8221;&#x24;||divi||400&#8243; button_one_icon_color=&#8221;#ffffff&#8221; animation_style=&#8221;zoom&#8221; animation_direction=&#8221;bottom&#8221; animation_intensity_zoom=&#8221;4%&#8221; hover_enabled=&#8221;0&#8243; button_one_text_color_hover=&#8221;#ffffff&#8221; button_one_border_color_hover=&#8221;#ffffff&#8221; button_one_border_radius_hover=&#8221;0px&#8221; button_one_letter_spacing_hover=&#8221;4px&#8221; button_one_bg_color_hover=&#8221;rgba(0,0,0,0)&#8221; global_colors_info=&#8221;{}&#8221; button_one_text_size__hover_enabled=&#8221;off&#8221; button_two_text_size__hover_enabled=&#8221;off&#8221; button_one_text_color__hover_enabled=&#8221;on&#8221; button_one_text_color__hover=&#8221;#ffffff&#8221; button_two_text_color__hover_enabled=&#8221;off&#8221; button_one_border_width__hover_enabled=&#8221;off&#8221; button_two_border_width__hover_enabled=&#8221;off&#8221; button_one_border_color__hover_enabled=&#8221;on&#8221; button_one_border_color__hover=&#8221;#ffffff&#8221; button_two_border_color__hover_enabled=&#8221;off&#8221; button_one_border_radius__hover_enabled=&#8221;on&#8221; button_one_border_radius__hover=&#8221;0px&#8221; button_two_border_radius__hover_enabled=&#8221;off&#8221; button_one_letter_spacing__hover_enabled=&#8221;on&#8221; button_one_letter_spacing__hover=&#8221;4px&#8221; button_two_letter_spacing__hover_enabled=&#8221;off&#8221; button_one_bg_color__hover_enabled=&#8221;on&#8221; button_one_bg_color__hover=&#8221;rgba(0,0,0,0)&#8221; button_two_bg_color__hover_enabled=&#8221;off&#8221; theme_builder_area=&#8221;post_content&#8221; sticky_enabled=&#8221;0&#8243; title_text=&#8221;propos&#8221;]<\/p>\n<p><span data-contrast=\"auto\">Ce site\u202fWeb vise \u00e0 c\u00e9l\u00e9brer les r\u00e9alisations des communaut\u00e9s rurales et \u00e9loign\u00e9es des Premi\u00e8res\u202fNations au chapitre des technologies de l\u2019information et des communications (TIC). Nous y explorons les d\u00e9fis et les solutions en posant un regard critique. Le site rassemble trois\u202fprojets interreli\u00e9s ayant de nombreux partenaires communs\u202f:<\/span><span data-ccp-props=\"{}\">\u00a0<\/span><\/p>\n<p>&nbsp;<\/p>\n<p><span data-contrast=\"auto\">Recherche\u202f: <\/span><a href=\"http:\/\/firstmile.ca\/innovation-research\/\"><span data-contrast=\"none\">Innovation Premi\u00e8res\u202fNations<\/span><\/a><span data-contrast=\"auto\">\u202f(d\u00e9but en\u202f2005)<\/span><span><br \/><\/span><span data-contrast=\"auto\">Rayonnement\u202f: <\/span><a href=\"http:\/\/firstmile.ca\/fmcc-2\/\"><i><span data-contrast=\"none\">First\u202fMile<\/span><\/i><\/a><span data-contrast=\"auto\">\u202f(d\u00e9but en\u202f2010)<\/span><span><br \/><\/span><span data-contrast=\"auto\">Politique\u202f: <\/span><a href=\"http:\/\/firstmile.ca\/fmcc-2\/\"><span data-contrast=\"none\">First Mile Connectivity Consortium<\/span><\/a><span data-contrast=\"auto\">\u202f(d\u00e9but en\u202f2013)<\/span><span data-ccp-props=\"{}\">\u00a0<\/span><\/p>\n<p>[\/et_pb_fullwidth_header][\/et_pb_section][et_pb_section fb_built=&#8221;1&#8243; _builder_version=&#8221;4.27.4&#8243; background_color=&#8221;#232323&#8243; background_position=&#8221;center_right&#8221; background_horizontal_offset=&#8221;-83%&#8221; background_blend=&#8221;soft-light&#8221; custom_padding=&#8221;110px||110px|&#8221; hover_enabled=&#8221;0&#8243; global_colors_info=&#8221;{}&#8221; theme_builder_area=&#8221;post_content&#8221; background_enable_image=&#8221;off&#8221; sticky_enabled=&#8221;0&#8243;][et_pb_row column_structure=&#8221;2_3,1_3&#8243; _builder_version=&#8221;4.16&#8243; global_colors_info=&#8221;{}&#8221; theme_builder_area=&#8221;post_content&#8221;][et_pb_column type=&#8221;2_3&#8243; _builder_version=&#8221;4.16&#8243; custom_padding=&#8221;|||&#8221; global_colors_info=&#8221;{}&#8221; custom_padding__hover=&#8221;|||&#8221; theme_builder_area=&#8221;post_content&#8221;][et_pb_text admin_label=&#8221;Discover Beatuty Text&#8221; _builder_version=&#8221;4.27.4&#8243; text_font=&#8221;Roboto||||&#8221; text_text_color=&#8221;#FFFFFF&#8221; text_font_size=&#8221;20px&#8221; custom_padding=&#8221;30px|||&#8221; animation_style=&#8221;slide&#8221; animation_direction=&#8221;top&#8221; animation_delay=&#8221;200ms&#8221; animation_intensity_slide=&#8221;10%&#8221; hover_enabled=&#8221;0&#8243; global_colors_info=&#8221;{}&#8221; theme_builder_area=&#8221;post_content&#8221; sticky_enabled=&#8221;0&#8243;]<\/p>\n<p><b><span data-contrast=\"auto\">Recherche\u202f<\/span><\/b><span data-contrast=\"auto\">: Jetez un \u0153il \u00e0 la <\/span><a href=\"http:\/\/firstmile.ca\/innovation-research\/\"><span data-contrast=\"none\">section Recherche du site\u202fWeb<\/span><\/a><span data-contrast=\"auto\"> pour obtenir de plus amples renseignements sur les activit\u00e9s de recherche. Les recherches ont d\u00e9but\u00e9 en\u202f2005 sous la direction de l\u2019Universit\u00e9 du Nouveau-Brunswick (UNB) de Fredericton, en partenariat avec le\u202f<\/span><a href=\"http:\/\/kochiefs.ca\/\"><span data-contrast=\"none\">Conseil Keewaytinook Okimakanak<\/span><\/a><span data-contrast=\"auto\"> \u0153uvrant dans le nord-ouest de l\u2019Ontario, qui compte du personnel travaillant depuis Sioux\u202fLookout et Thunder\u202fBay. En\u202f2006, notre partenaire de l\u2019Atlantique s\u2019est joint \u00e0 nous\u202f:\u202f<\/span><a href=\"http:\/\/www.firstnationhelp.ca\/\"><span>Atlantic First\u202fNation Tech Services<\/span><\/a><span data-contrast=\"auto\">\u202f\/ Mi\u2019kmaq\u202fKina\u2019matnewey, de la Premi\u00e8re\u202fNation de Membertou, situ\u00e9e \u00e0 Sydney, sur l\u2019\u00eele du Cap-Breton, en Nouvelle-\u00c9cosse. En\u202f2008, nous avons accueilli notre premier partenaire du Qu\u00e9bec, le <\/span><a href=\"http:\/\/www.cepn-fnec.com\/default_fra.aspx\"><span>Conseil en \u00c9ducation des Premi\u00e8res\u202fNations<\/span><\/a><span data-contrast=\"auto\">, lequel est \u00e9tabli dans la Premi\u00e8re\u202fNation de Wendake. En\u202f2016, notre partenaire communautaire de l\u2019Alberta s\u2019est joint \u00e0 nous, le <\/span><a href=\"http:\/\/tsag.net\/\"><span data-contrast=\"none\">Technical Services Advisory Group<\/span><\/a><span data-contrast=\"auto\">, situ\u00e9 \u00e0 Edmonton. En\u202f2015, trois partenaires de recherche ont pris part au projet\u202f: le <\/span><a href=\"http:\/\/www.unb.ca\/fredericton\/education\/mmi\/\"><span data-contrast=\"none\">Mi\u2019kmaq-Wolostoqay Centre (MWC) de l\u2019UNB<\/span><\/a><span data-contrast=\"auto\">, l\u2019Universit\u00e9\u202fLaval, et l\u2019Universit\u00e9 de l\u2019Alberta. Depuis le d\u00e9but de ces collaborations en\u202f2005, nos travaux ont \u00e9t\u00e9 soutenus par le <\/span><a href=\"http:\/\/www.sshrc-crsh.gc.ca\/\"><span data-contrast=\"none\">Conseil de recherches en sciences humaines (CRSH) du Canada<\/span><\/a><span data-contrast=\"auto\"> et la contribution en nature de nos partenaires des Premi\u00e8res\u202fNations.<\/span><span data-ccp-props=\"{}\">\u00a0<\/span><\/p>\n<p><span data-contrast=\"auto\">Notre premier projet \u00e9tait intitul\u00e9 RICTA\u202f\u2013 <\/span><i><span data-contrast=\"auto\">Research on Information and Communication Technologies (ICT) with Aboriginal Communities<\/span><\/i><span data-contrast=\"auto\"> (Recherche en technologies de l\u2019information et des communications aupr\u00e8s des communaut\u00e9s autochtones). Nous avons donn\u00e9 suite au projet\u202fRICTA en\u202f2006 avec une s\u00e9rie de projets de recherche maintenant appel\u00e9e Innovation Premi\u00e8res\u202fNations\u202f(IPN). L\u2019orientation globale de toutes nos recherches porte sur la fa\u00e7on dont les communaut\u00e9s \u00e9loign\u00e9es et rurales des Premi\u00e8res\u202fNations utilisent les TIC. Sur cette page, vous trouverez toutes <\/span><a href=\"http:\/\/firstmile.ca\/resources\/publications\/\"><span data-contrast=\"none\">les publications issues de nos recherches depuis\u202f2004<\/span><\/a><span data-contrast=\"auto\">. En\u202f2014, nous avons cr\u00e9\u00e9 un cours en ligne pour l\u2019UNB, intitul\u00e9 <\/span><i><span data-contrast=\"auto\">Colonialism and the E-Community<\/span><\/i><span data-contrast=\"auto\">, que <\/span><a href=\"http:\/\/firstmile.ca\/free-online-course\/\"><span data-contrast=\"none\">nous offrons maintenant \u00e0 tous gratuitement sur ce site Web<\/span><\/a><span data-contrast=\"auto\">. Le <\/span><a href=\"http:\/\/www.unb.ca\/fredericton\/arts\/departments\/sociology\/index.html\"><span data-contrast=\"none\">D\u00e9partement de sociologie de l\u2019UNB<\/span><\/a><span data-contrast=\"auto\"> \u00e9tait le foyer des recherches. La composante \u00ab\u202fRecherche\u202f\u00bb du projet a pris fin en mars\u202f2018.<\/span><span data-ccp-props=\"{}\">\u00a0<\/span><\/p>\n<p><b><span data-contrast=\"auto\">Rayonnement\u202f:<\/span><\/b><span data-contrast=\"auto\"> Pour obtenir de plus amples renseignements sur nos activit\u00e9s de rayonnement, visitez la <\/span><a href=\"http:\/\/firstmile.ca\/category\/community-stories\/\"><span data-contrast=\"none\">section R\u00e9cits communautaires de notre site\u202fWeb<\/span><\/a><span data-contrast=\"auto\">. En\u202f2010, nous avons commenc\u00e9 \u00e0 collaborer avec les Premi\u00e8res\u202fNations \u00e9loign\u00e9es et rurales afin de r\u00e9diger des r\u00e9cits mettant en lumi\u00e8re comment ces communaut\u00e9s envisagent, planifient, utilisent et d\u00e9veloppent les TIC, et comment elles innovent avec les TIC. Le projet\u202f\u2013 appel\u00e9 <\/span><i><span data-contrast=\"auto\">First\u202fMile<\/span><\/i><span data-contrast=\"auto\">\u202f\u2013 a initialement \u00e9t\u00e9 dirig\u00e9 par l\u2019Universit\u00e9 Simon-Fraser (SFU) en partenariat avec notre \u00e9quipe de recherche, et apr\u00e8s la fin de la participation de la SFU, l\u2019\u00e9quipe centrale a poursuivi les travaux\u202f:\u00a0 l\u2019UNB, le Conseil\u202fKeewaytinook\u202fOkimakanak, Mi\u2019kmaw\u202fKina\u2019matnewey et le Conseil en \u00c9ducation des Premi\u00e8res\u202fNations. Cette s\u00e9rie de projets s\u2019appelle <\/span><i><span data-contrast=\"auto\">First\u202fMile<\/span><\/i><span data-contrast=\"auto\">. <\/span><a href=\"http:\/\/firstmile.ca\/category\/community-stories\/\"><span data-contrast=\"none\">Sur cette page, vous trouverez tous les r\u00e9cits document\u00e9s jusqu\u2019\u00e0 pr\u00e9sent.<\/span><\/a><span data-ccp-props=\"{}\">\u00a0<\/span><\/p>\n<p><b><span data-contrast=\"auto\">Politique\u202f: <\/span><\/b><span data-contrast=\"auto\">Les organisations des Premi\u00e8res\u202fNations engag\u00e9es dans notre partenariat ont particip\u00e9 activement \u00e0 l\u2019\u00e9laboration de politiques avant\u202f2005. Depuis que nous avons commenc\u00e9 \u00e0 travailler de concert, nous avons poursuivi certaines activit\u00e9s politiques en \u00e9quipe. Nos activit\u00e9s de rayonnement men\u00e9es en\u202f2010 et dirig\u00e9es par l\u2019Universit\u00e9\u202fSimon-Fraser et l\u2019Universit\u00e9 du Nouveau-Brunswick\u202f\u2013 le tout premier projet <\/span><i><span data-contrast=\"auto\">First\u202fMile<\/span><\/i><span data-contrast=\"auto\">\u202f\u2013 se sont termin\u00e9es par une activit\u00e9 visant \u00e0 influer sur les politiques f\u00e9d\u00e9rales relatives aux infrastructures \u00e0 large bande des Premi\u00e8res\u202fNations. Nous avons r\u00e9alis\u00e9 par la suite que l\u2019environnement r\u00e9glementaire f\u00e9d\u00e9ral \u00e9tait un meilleur axe pour nos efforts politiques. En\u202f2013, nous avons cr\u00e9\u00e9 le First\u202fMile Connectivity Consortium (FMCC) afin de travailler de fa\u00e7on plus directe sur les politiques et en\u202f2014, nous avons constitu\u00e9 le FMCC en tant qu\u2019organisation f\u00e9d\u00e9rale sans but lucratif de d\u00e9fense en mati\u00e8re de politiques, travaillant avec un regroupement plus large d\u2019organisations des Premi\u00e8res\u202fNations en tant que partenaires fondateurs. Dans la section FMCC du site\u202fWeb figurent les membres du conseil d\u2019administration, les associ\u00e9s et les membres du FMCC, de m\u00eame que les d\u00e9tails des interventions et activit\u00e9s politiques que nous avons men\u00e9es \u00e0 ce jour.<\/span><span data-ccp-props=\"{}\">\u00a0<\/span><\/p>\n<p>[\/et_pb_text][\/et_pb_column][et_pb_column type=&#8221;1_3&#8243; _builder_version=&#8221;4.16&#8243; custom_padding=&#8221;|||&#8221; global_colors_info=&#8221;{}&#8221; custom_padding__hover=&#8221;|||&#8221; theme_builder_area=&#8221;post_content&#8221;][et_pb_image src=&#8221;https:\/\/firstmile.ca\/fr\/wp-content\/uploads\/2025\/07\/ordinateur.jpg&#8221; title_text=&#8221;ordinateur&#8221; force_fullwidth=&#8221;on&#8221; align_tablet=&#8221;center&#8221; align_phone=&#8221;center&#8221; align_last_edited=&#8221;on|desktop&#8221; _builder_version=&#8221;4.27.4&#8243; custom_margin=&#8221;32px|||||&#8221; animation_style=&#8221;fold&#8221; animation_direction=&#8221;right&#8221; animation_intensity_fold=&#8221;20%&#8221; animation=&#8221;fade_in&#8221; global_colors_info=&#8221;{}&#8221; theme_builder_area=&#8221;post_content&#8221;][\/et_pb_image][\/et_pb_column][\/et_pb_row][\/et_pb_section][et_pb_section fb_built=&#8221;1&#8243; admin_label=&#8221;CTA&#8221; _builder_version=&#8221;4.16&#8243; background_image=&#8221;https:\/\/firstmile.ca\/fr\/wp-content\/uploads\/2025\/07\/travel-landscape-13.png&#8221; parallax=&#8221;on&#8221; custom_margin=&#8221;|||&#8221; custom_padding=&#8221;0px|||&#8221; global_colors_info=&#8221;{}&#8221; theme_builder_area=&#8221;post_content&#8221;][et_pb_row use_custom_gutter=&#8221;on&#8221; gutter_width=&#8221;1&#8243; custom_padding_last_edited=&#8221;on|tablet&#8221; module_class=&#8221; et_pb_row_fullwidth&#8221; _builder_version=&#8221;4.16&#8243; use_background_color_gradient=&#8221;on&#8221; background_color_gradient_stops=&#8221;#ffffff 0%|rgba(255,255,255,0) 22%&#8221; background_color_gradient_start=&#8221;#ffffff&#8221; background_color_gradient_end=&#8221;rgba(255,255,255,0)&#8221; background_color_gradient_end_position=&#8221;22%&#8221; width=&#8221;100%&#8221; width_tablet=&#8221;100%&#8221; width_phone=&#8221;100%&#8221; width_last_edited=&#8221;on|desktop&#8221; max_width=&#8221;100%&#8221; max_width_tablet=&#8221;100%&#8221; max_width_phone=&#8221;100%&#8221; max_width_last_edited=&#8221;on|desktop&#8221; custom_padding=&#8221;220px|0px|220px|0px&#8221; custom_padding_tablet=&#8221;0px|||&#8221; custom_padding_phone=&#8221;&#8221; make_fullwidth=&#8221;on&#8221; global_colors_info=&#8221;{}&#8221; theme_builder_area=&#8221;post_content&#8221;][et_pb_column type=&#8221;4_4&#8243; _builder_version=&#8221;4.16&#8243; custom_padding=&#8221;|||&#8221; global_colors_info=&#8221;{}&#8221; custom_padding__hover=&#8221;|||&#8221; theme_builder_area=&#8221;post_content&#8221;][et_pb_text admin_label=&#8221;CTA Section Title&#8221; _builder_version=&#8221;4.27.4&#8243; text_font=&#8221;||||&#8221; text_line_height=&#8221;1em&#8221; header_font=&#8221;Oswald|on||on|&#8221; header_text_align=&#8221;center&#8221; header_font_size=&#8221;60px&#8221; header_line_height=&#8221;1.3em&#8221; module_alignment=&#8221;center&#8221; custom_margin=&#8221;||60px|&#8221; custom_padding=&#8221;|||&#8221; animation_style=&#8221;slide&#8221; animation_direction=&#8221;top&#8221; animation_intensity_slide=&#8221;10%&#8221; locked=&#8221;off&#8221; global_colors_info=&#8221;{}&#8221; theme_builder_area=&#8221;post_content&#8221;]<\/p>\n<h1>suivez-nous<\/h1>\n<p>[\/et_pb_text][et_pb_social_media_follow use_icon_font_size=&#8221;on&#8221; _builder_version=&#8221;4.27.4&#8243; _module_preset=&#8221;default&#8221; text_orientation=&#8221;center&#8221; global_colors_info=&#8221;{}&#8221; theme_builder_area=&#8221;post_content&#8221;][et_pb_social_media_follow_network social_network=&#8221;facebook&#8221; _builder_version=&#8221;4.27.4&#8243; _module_preset=&#8221;default&#8221; background_color=&#8221;#3b5998&#8243; global_colors_info=&#8221;{}&#8221; theme_builder_area=&#8221;post_content&#8221; follow_button=&#8221;off&#8221; url_new_window=&#8221;on&#8221;]facebook[\/et_pb_social_media_follow_network][et_pb_social_media_follow_network social_network=&#8221;twitter&#8221; _builder_version=&#8221;4.27.4&#8243; _module_preset=&#8221;default&#8221; background_color=&#8221;#000000&#8243; global_colors_info=&#8221;{}&#8221; theme_builder_area=&#8221;post_content&#8221; follow_button=&#8221;off&#8221; url_new_window=&#8221;on&#8221;]X[\/et_pb_social_media_follow_network][\/et_pb_social_media_follow][et_pb_image src=&#8221;https:\/\/firstmile.ca\/fr\/wp-content\/uploads\/2025\/07\/couple2.png&#8221; show_bottom_space=&#8221;off&#8221; align=&#8221;center&#8221; align_tablet=&#8221;center&#8221; align_phone=&#8221;center&#8221; align_last_edited=&#8221;on|desktop&#8221; _builder_version=&#8221;4.16&#8243; custom_margin=&#8221;100px|||&#8221; global_colors_info=&#8221;{}&#8221; theme_builder_area=&#8221;post_content&#8221;][\/et_pb_image][\/et_pb_column][\/et_pb_row][\/et_pb_section]<\/p>\n","protected":false},"excerpt":{"rendered":"<p>Ce site\u202fWeb vise \u00e0 c\u00e9l\u00e9brer les r\u00e9alisations des communaut\u00e9s rurales et \u00e9loign\u00e9es des Premi\u00e8res\u202fNations au chapitre des technologies de l\u2019information et des communications (TIC). Nous y explorons les d\u00e9fis et les solutions en posant un regard critique. Le site rassemble trois\u202fprojets interreli\u00e9s ayant de nombreux partenaires communs\u202f:\u00a0 &nbsp; Recherche\u202f: Innovation Premi\u00e8res\u202fNations\u202f(d\u00e9but en\u202f2005)Rayonnement\u202f: First\u202fMile\u202f(d\u00e9but en\u202f2010)Politique\u202f: First [&hellip;]<\/p>\n","protected":false},"author":1,"featured_media":0,"parent":0,"menu_order":0,"comment_status":"closed","ping_status":"closed","template":"","meta":{"_et_pb_use_builder":"on","_et_pb_old_content":"","_et_gb_content_width":"","footnotes":""},"class_list":["post-127","page","type-page","status-publish","hentry"],"_links":{"self":[{"href":"https:\/\/firstmile.ca\/fr\/wp-json\/wp\/v2\/pages\/127","targetHints":{"allow":["GET"]}}],"collection":[{"href":"https:\/\/firstmile.ca\/fr\/wp-json\/wp\/v2\/pages"}],"about":[{"href":"https:\/\/firstmile.ca\/fr\/wp-json\/wp\/v2\/types\/page"}],"author":[{"embeddable":true,"href":"https:\/\/firstmile.ca\/fr\/wp-json\/wp\/v2\/users\/1"}],"replies":[{"embeddable":true,"href":"https:\/\/firstmile.ca\/fr\/wp-json\/wp\/v2\/comments?post=127"}],"version-history":[{"count":1,"href":"https:\/\/firstmile.ca\/fr\/wp-json\/wp\/v2\/pages\/127\/revisions"}],"predecessor-version":[{"id":199,"href":"https:\/\/firstmile.ca\/fr\/wp-json\/wp\/v2\/pages\/127\/revisions\/199"}],"wp:attachment":[{"href":"https:\/\/firstmile.ca\/fr\/wp-json\/wp\/v2\/media?parent=127"}],"curies":[{"name":"wp","href":"https:\/\/api.w.org\/{rel}","templated":true}]}}