{"id":120,"date":"2025-07-29T13:20:52","date_gmt":"2025-07-29T13:20:52","guid":{"rendered":"https:\/\/test.ancestorschallenge.com\/?page_id=120"},"modified":"2025-07-29T13:20:52","modified_gmt":"2025-07-29T13:20:52","slug":"foire-aux-questions-relatives-a-first-mile","status":"publish","type":"page","link":"https:\/\/firstmile.ca\/fr\/foire-aux-questions-relatives-a-first-mile\/","title":{"rendered":"Foire aux questions relatives \u00e0 First\u202fMile\u00a0"},"content":{"rendered":"<p>[et_pb_section fb_built=&#8221;1&#8243; fullwidth=&#8221;on&#8221; admin_label=&#8221;Hero Section&#8221; _builder_version=&#8221;4.16&#8243; background_color=&#8221;#233b4e&#8221; parallax=&#8221;on&#8221; custom_padding=&#8221;0px|0px|0px|0px&#8221; global_colors_info=&#8221;{}&#8221; theme_builder_area=&#8221;post_content&#8221;][et_pb_fullwidth_header title=&#8221;Foire aux questions relatives \u00e0 First\u202fMile &#8221; header_fullscreen=&#8221;on&#8221; background_overlay_color=&#8221;rgba(29,38,51,0.47)&#8221; content_max_width=&#8221;700px&#8221; admin_label=&#8221;Hero&#8221; _builder_version=&#8221;4.27.4&#8243; title_font=&#8221;Oswald|on||on|&#8221; title_font_size=&#8221;80px&#8221; title_line_height=&#8221;1.3em&#8221; content_font=&#8221;Roboto||||&#8221; content_font_size=&#8221;20px&#8221; background_color=&#8221;rgba(255, 255, 255, 0)&#8221; background_image=&#8221;https:\/\/firstmile.ca\/fr\/wp-content\/uploads\/2025\/07\/foires.jpg&#8221; custom_button_one=&#8221;on&#8221; button_one_border_radius=&#8221;0px&#8221; button_one_letter_spacing=&#8221;4px&#8221; button_one_font=&#8221;Oswald|on||on|&#8221; button_one_icon=&#8221;&#x24;||divi||400&#8243; button_one_icon_color=&#8221;#ffffff&#8221; animation_style=&#8221;zoom&#8221; animation_direction=&#8221;bottom&#8221; animation_intensity_zoom=&#8221;4%&#8221; hover_enabled=&#8221;0&#8243; button_one_text_color_hover=&#8221;#ffffff&#8221; button_one_border_color_hover=&#8221;#ffffff&#8221; button_one_border_radius_hover=&#8221;0px&#8221; button_one_letter_spacing_hover=&#8221;4px&#8221; button_one_bg_color_hover=&#8221;rgba(0,0,0,0)&#8221; global_colors_info=&#8221;{}&#8221; button_one_text_size__hover_enabled=&#8221;off&#8221; button_two_text_size__hover_enabled=&#8221;off&#8221; button_one_text_color__hover_enabled=&#8221;on&#8221; button_one_text_color__hover=&#8221;#ffffff&#8221; button_two_text_color__hover_enabled=&#8221;off&#8221; button_one_border_width__hover_enabled=&#8221;off&#8221; button_two_border_width__hover_enabled=&#8221;off&#8221; button_one_border_color__hover_enabled=&#8221;on&#8221; button_one_border_color__hover=&#8221;#ffffff&#8221; button_two_border_color__hover_enabled=&#8221;off&#8221; button_one_border_radius__hover_enabled=&#8221;on&#8221; button_one_border_radius__hover=&#8221;0px&#8221; button_two_border_radius__hover_enabled=&#8221;off&#8221; button_one_letter_spacing__hover_enabled=&#8221;on&#8221; button_one_letter_spacing__hover=&#8221;4px&#8221; button_two_letter_spacing__hover_enabled=&#8221;off&#8221; button_one_bg_color__hover_enabled=&#8221;on&#8221; button_one_bg_color__hover=&#8221;rgba(0,0,0,0)&#8221; button_two_bg_color__hover_enabled=&#8221;off&#8221; theme_builder_area=&#8221;post_content&#8221; sticky_enabled=&#8221;0&#8243; title_text=&#8221;foires&#8221;][\/et_pb_fullwidth_header][\/et_pb_section][et_pb_section fb_built=&#8221;1&#8243; _builder_version=&#8221;4.27.4&#8243; background_color=&#8221;#232323&#8243; background_enable_image=&#8221;off&#8221; background_position=&#8221;center_right&#8221; background_horizontal_offset=&#8221;-83%&#8221; background_blend=&#8221;soft-light&#8221; custom_padding=&#8221;110px||110px|&#8221; global_colors_info=&#8221;{}&#8221; theme_builder_area=&#8221;post_content&#8221;][et_pb_row _builder_version=&#8221;4.16&#8243; global_colors_info=&#8221;{}&#8221; theme_builder_area=&#8221;post_content&#8221;][et_pb_column type=&#8221;4_4&#8243; _builder_version=&#8221;4.16&#8243; custom_padding=&#8221;|||&#8221; global_colors_info=&#8221;{}&#8221; custom_padding__hover=&#8221;|||&#8221; theme_builder_area=&#8221;post_content&#8221;][et_pb_text admin_label=&#8221;Discover Beatuty Text&#8221; _builder_version=&#8221;4.27.4&#8243; text_font=&#8221;Roboto||||&#8221; text_text_color=&#8221;#FFFFFF&#8221; text_font_size=&#8221;20px&#8221; text_line_height=&#8221;1.9em&#8221; custom_padding=&#8221;30px|||&#8221; animation_style=&#8221;slide&#8221; animation_direction=&#8221;top&#8221; animation_delay=&#8221;200ms&#8221; animation_intensity_slide=&#8221;10%&#8221; hover_enabled=&#8221;0&#8243; global_colors_info=&#8221;{}&#8221; theme_builder_area=&#8221;post_content&#8221; sticky_enabled=&#8221;0&#8243;]<\/p>\n<p><b><i><span data-contrast=\"auto\">Qu\u2019est-ce que <\/span><\/i><\/b><b><span data-contrast=\"auto\">First\u202fMile<\/span><\/b><b><i><span data-contrast=\"auto\">?<\/span><\/i><\/b><span data-ccp-props=\"{}\">\u00a0<\/span><\/p>\n<p><span data-contrast=\"auto\">Le terme <\/span><i><span data-contrast=\"auto\">First\u202fMile<\/span><\/i><span data-contrast=\"auto\"> fait r\u00e9f\u00e9rence aux syst\u00e8mes \u00e0 large bande locaux\u202f: les infrastructures et les r\u00e9seaux. Il se concentre sur la connectivit\u00e9 locale du point de vue d\u2019une communaut\u00e9. \u00c0 l\u2019\u00e9chelle du Canada, les Premi\u00e8res\u202fNations mettent en place des syst\u00e8mes \u00e0 large bande et les utilisent pour offrir des services \u00e0 leurs communaut\u00e9s. Pour \u00eatre efficaces, ces syst\u00e8mes doivent \u00eatre con\u00e7us et mis en \u0153uvre de concert avec les communaut\u00e9s locales, et ce, d\u00e8s le d\u00e9part. Les membres des communaut\u00e9s ont besoin d\u2019un acc\u00e8s \u00e0 la bande passante et \u00e0 de la formation ad\u00e9quate. Ils peuvent contribuer \u00e0 mettre au point des technologies qui r\u00e9pondent aux besoins locaux.<\/span><span data-ccp-props=\"{}\">\u00a0<\/span><\/p>\n<p><span data-contrast=\"auto\">Lisez le document <\/span><i><span data-contrast=\"auto\">Le concept du Premier mille<\/span><\/i><span data-contrast=\"auto\">\u202f:<\/span><span data-ccp-props=\"{}\">\u00a0<\/span><\/p>\n<ul>\n<li><a href=\"http:\/\/firstmile.ca\/wp-content\/uploads\/2015\/03\/FM_Concept_Paper_Summary-with_Photos-NORMAL_MARGINS.pdf\"><span data-contrast=\"none\">ANGLAIS<\/span><\/a><span data-ccp-props=\"{}\">\u00a0<\/span><\/li>\n<li><a href=\"http:\/\/firstmile.ca\/wp-content\/uploads\/2015\/03\/120207_FM_Concept_Paper_Summary-with_Photos-Jan_27_FRA.pdf\"><span data-contrast=\"none\">FRAN\u00c7AIS<\/span><\/a><span data-ccp-props=\"{}\">\u00a0<\/span><\/li>\n<\/ul>\n<p><b><i><span data-contrast=\"auto\">Pourquoi l\u2019approche <\/span><\/i><\/b><b><span data-contrast=\"auto\">First\u202fMile<\/span><\/b><b><i><span data-contrast=\"auto\"> est-elle importante pour les Premi\u00e8res\u202fNations?<\/span><\/i><\/b><span data-ccp-props=\"{}\">\u00a0<\/span><\/p>\n<p><span data-contrast=\"auto\">Une communaut\u00e9 qui met en \u0153uvre les concepts de l\u2019approche <\/span><i><span data-contrast=\"auto\">First\u202fMile<\/span><\/i><span data-contrast=\"auto\"> collabore \u00e9troitement avec ses partenaires strat\u00e9giques pour contr\u00f4ler et g\u00e9rer ses r\u00e9seaux et ses infrastructures \u00e0 large bande. Dans ce contexte, il existe deux d\u00e9finitions distinctes, mais tout de m\u00eame li\u00e9es, du terme \u00ab\u202flarge bande\u202f\u00bb.<\/span><span data-ccp-props=\"{}\">\u00a0<\/span><\/p>\n<p><span data-contrast=\"auto\">Tout d\u2019abord, la large bande est un service communautaire. Elle englobe les r\u00e9seaux sans fil, \u00e0 fibres optiques ou c\u00e2bl\u00e9s qui relient, entre eux et au reste du monde, les foyers, les entreprises et les organisations dans la communaut\u00e9. En contr\u00f4lant les syst\u00e8mes \u00e0 large bande dans leur territoire, les Premi\u00e8res\u202fNations sont en mesure de les g\u00e9rer de fa\u00e7on strat\u00e9gique pour veiller \u00e0 ce qu\u2019ils r\u00e9pondent aux besoins actuels et futurs de la communaut\u00e9.<\/span><span data-ccp-props=\"{}\">\u00a0<\/span><\/p>\n<p><span data-contrast=\"auto\">Ensuite, la large bande constitue une fa\u00e7on d\u2019appuyer les gouvernements des Premi\u00e8res\u202fNations dans la prestation de services communautaires et sociaux, notamment par l\u2019interm\u00e9diaire d\u2019applications cr\u00e9\u00e9es pour les services de sant\u00e9, les \u00e9coles et l\u2019\u00e9ducation, la justice et les services de police, et d\u2019autres services. Les Premi\u00e8res\u202fNations peuvent tirer parti de r\u00e9seaux contr\u00f4l\u00e9s localement pour offrir ces services aux membres et aux r\u00e9sidents.<\/span><span data-ccp-props=\"{}\">\u00a0<\/span><\/p>\n<p><span data-contrast=\"auto\">En d\u00e9cembre\u202f2011, les Chefs en assembl\u00e9e de l\u2019<\/span><a href=\"https:\/\/afn.ca\/fr\/accueil\/\"><span data-contrast=\"none\">Assembl\u00e9e des Premi\u00e8res\u202fNations<\/span><\/a><span data-contrast=\"auto\"> ont adopt\u00e9 une r\u00e9solution\u202f(53\/2011) appuyant la Strat\u00e9gie cybercommunautaire des Premi\u00e8res\u202fNations de l\u2019APN faisant directement r\u00e9f\u00e9rence aux efforts d\u00e9ploy\u00e9s dans le cadre de <\/span><i><span data-contrast=\"auto\">First\u202fMile<\/span><\/i><span data-contrast=\"auto\"> et au rapport de\u202f2010. Cela donne suite \u00e0 une r\u00e9solution adopt\u00e9e ant\u00e9rieurement qui d\u00e9crit le concept et la strat\u00e9gie cybercommunautaire (16\/2008).<\/span><span data-ccp-props=\"{}\">\u00a0<\/span><\/p>\n<p><span data-contrast=\"auto\">Lisez le rapport de\u202f2010 intitul\u00e9 <\/span><a href=\"http:\/\/firstmile.ca\/wp-content\/uploads\/2015\/04\/2010-Putting-the-Last-Mile-First.pdf\"><i><span data-contrast=\"none\">Putting the \u2018last-mile\u2019 first: Re-framing Broadband Development in First Nations and Inuit Communities<\/span><\/i><\/a><span data-contrast=\"auto\">.<\/span><span data-ccp-props=\"{}\">\u00a0<\/span><\/p>\n<p><b><i><span data-contrast=\"auto\">Pourquoi les Premi\u00e8res\u202fNations souhaitent-elles contr\u00f4ler leurs infrastructures \u00e0 large bande?<\/span><\/i><\/b><span data-ccp-props=\"{}\">\u00a0<\/span><\/p>\n<p><span data-contrast=\"auto\">\u00c0 l\u2019\u00e9chelle du pays, les infrastructures et les r\u00e9seaux \u00e0 large bande sont d\u00e9velopp\u00e9s rapidement sur les territoires des Premi\u00e8res\u202fNations. Les gouvernements des Premi\u00e8res\u202fNations reconnaissent qu\u2019ils ont besoin d\u2019augmenter la capacit\u00e9 de leurs syst\u00e8mes \u00e0 large bande pour soutenir la prestation de leurs services communautaires et sociaux. Les organisations, les entreprises et les m\u00e9nages des communaut\u00e9s des Premi\u00e8res\u202fNations stimulent aussi la demande puisqu\u2019ils passent plus de temps en ligne et utilisent davantage d\u2019applications qui requi\u00e8rent plus de bande passante, comme c\u2019est le cas des vid\u00e9os.<\/span><span data-ccp-props=\"{}\">\u00a0<\/span><\/p>\n<p><span data-contrast=\"auto\">De nombreuses Premi\u00e8res\u202fNations tentent maintenant d\u2019acqu\u00e9rir la propri\u00e9t\u00e9 de la bande passante locale et le contr\u00f4le de leurs r\u00e9seaux et infrastructures de t\u00e9l\u00e9communications locales. Elles reconnaissent \u00e9galement les avantages \u00e9conomiques de ces travaux de d\u00e9veloppement. Elles admettent que les relations, les structures et les ententes mises en place \u00e0 ce stade pr\u00e9coce d\u00e9finiront la fa\u00e7on dont les syst\u00e8mes \u00e0 large bande sont d\u00e9velopp\u00e9s dans le futur au sein des territoires des Premi\u00e8res\u202fNations.<\/span><span data-ccp-props=\"{}\">\u00a0<\/span><\/p>\n<p><span data-contrast=\"auto\">Au fil du temps, les Premi\u00e8res\u202fNations ont pris conscience que, dans la plupart des cas, les fournisseurs de services de t\u00e9l\u00e9communications pour entreprises n\u2019offrent que le niveau minimum de service au prix le plus fort. Lorsque des fonds publics sont offerts, les fournisseurs de services de t\u00e9l\u00e9communications pr\u00e9sentent les demandes n\u00e9cessaires pour acc\u00e9der \u00e0 ces fonds afin de d\u00e9velopper leur infrastructure. Mais une fois que les fonds publics destin\u00e9s \u00e0 ces projets sont \u00e9puis\u00e9s, le niveau de service offert aux Premi\u00e8res\u202fNations revient rapidement \u00e0 un niveau inad\u00e9quat et insuffisant.<\/span><span data-ccp-props=\"{}\">\u00a0<\/span><\/p>\n<p><span data-contrast=\"auto\">Les Premi\u00e8res\u202fNations r\u00e9alisent l\u2019importance de poss\u00e9der et de contr\u00f4ler leurs propres infrastructures et d\u2019investir dans la capacit\u00e9 d\u2019exploiter et de maintenir efficacement leurs r\u00e9seaux et leurs applications. Cela cr\u00e9e des occasions sur les plans \u00e9conomique et social pour chaque Premi\u00e8re\u202fNation.<\/span><span data-ccp-props=\"{}\">\u00a0<\/span><\/p>\n<p><b><i><span data-contrast=\"auto\">Quel est l\u2019objectif des r\u00e9cits communautaires relatifs \u00e0 <\/span><\/i><\/b><b><span data-contrast=\"auto\">First\u202fMile<\/span><\/b><b><i><span data-contrast=\"auto\">?<\/span><\/i><\/b><span data-ccp-props=\"{}\">\u00a0<\/span><\/p>\n<p><span data-contrast=\"auto\">Le projet <\/span><i><span data-contrast=\"auto\">First Mile<\/span><\/i><span data-contrast=\"auto\"> c\u00e9l\u00e8bre les technologies de l\u2019information et des communications (TIC) des Premi\u00e8res\u202fNations d\u00e9tenues et g\u00e9r\u00e9es localement. Ce site\u202fWeb met en lumi\u00e8re des r\u00e9cits \u00e9voquant des projets de TIC pilot\u00e9s par la communaut\u00e9. Il ne suffit pas d\u2019\u00eatre \u00ab\u202fconnect\u00e9\u202f\u00bb\u202f: il importe aussi de savoir qui est connect\u00e9, \u00e0 quoi, comment et pourquoi.<\/span><span data-ccp-props=\"{}\">\u00a0<\/span><\/p>\n<ul>\n<li><span data-contrast=\"auto\">Lisez les <\/span><a href=\"http:\/\/firstmile.ca\/community-stories-2\/\"><span data-contrast=\"none\">r\u00e9cits communautaires <\/span><i><span data-contrast=\"none\">First\u202fMile<\/span><\/i><\/a><span data-contrast=\"auto\">\u202f<\/span><a href=\"http:\/\/meeting.knet.ca\/mp19\/mod\/data\/view.php?d=31\"><span data-contrast=\"none\">OLD<\/span><\/a><span data-ccp-props=\"{}\">\u00a0<\/span><\/li>\n<li><a href=\"http:\/\/firstmile.ca\/your_story\/\"><span data-contrast=\"none\">Soumettez votre propre<\/span><\/a><span data-contrast=\"auto\">\u202fr\u00e9cit communautaire <\/span><i><span data-contrast=\"auto\">First\u202fMile<\/span><\/i> <a href=\"http:\/\/meeting.knet.ca\/mp19\/mod\/data\/edit.php?d=22\"><span data-contrast=\"none\">OLD<\/span><\/a><span data-ccp-props=\"{}\">\u00a0<\/span><\/li>\n<\/ul>\n<p><b><i><span data-contrast=\"auto\">En savoir plus\u202f:<\/span><\/i><\/b><span data-ccp-props=\"{}\">\u00a0<\/span><\/p>\n<ul>\n<li><span data-contrast=\"auto\">Apprenez-en plus au sujet de\u202f<\/span><a href=\"http:\/\/www.fao.org\/docrep\/x0295e\/x0295e00.htm\"><span data-contrast=\"none\">l\u2019approche<\/span><i><span data-contrast=\"none\"> First Mile<\/span><\/i><\/a><span data-ccp-props=\"{}\">\u00a0<\/span><\/li>\n<li><span data-contrast=\"auto\">Lisez un article du <\/span><i><span data-contrast=\"auto\">International Indigenous Policy Journal<\/span><\/i><span data-contrast=\"auto\"> au sujet de\u202f<\/span><a href=\"http:\/\/ir.lib.uwo.ca\/iipj\/vol2\/iss2\/2\/\"><span data-contrast=\"none\">la fa\u00e7on dont l\u2019approche <\/span><i><span data-contrast=\"none\">First\u202fMile<\/span><\/i><span data-contrast=\"none\"> peut s\u2019appliquer aux Premi\u00e8res\u202fNations<\/span><\/a><span data-contrast=\"auto\"> au Canada<\/span><span data-ccp-props=\"{&quot;469777462&quot;:[720,360],&quot;469777927&quot;:[0,0],&quot;469777928&quot;:[0,8]}\">\u00a0<\/span><\/li>\n<li><span data-contrast=\"auto\">Apprenez-en plus sur <\/span><a href=\"http:\/\/firstmile.ca\/ownership-control-access-possession-ocap-and-technology-development\/\"><i><span data-contrast=\"none\">First\u202fMile <\/span><\/i><span data-contrast=\"none\">et les principes PCAP<\/span><\/a><span data-contrast=\"auto\">\u202f(propri\u00e9t\u00e9, contr\u00f4le, acc\u00e8s et possession)<\/span><span data-ccp-props=\"{&quot;469777462&quot;:[720,360],&quot;469777927&quot;:[0,0],&quot;469777928&quot;:[0,8]}\">\u00a0<\/span><\/li>\n<\/ul>\n<p><span data-ccp-props=\"{}\">\u00a0<\/span><\/p>\n<p>[\/et_pb_text][\/et_pb_column][\/et_pb_row][\/et_pb_section][et_pb_section fb_built=&#8221;1&#8243; admin_label=&#8221;CTA&#8221; _builder_version=&#8221;4.16&#8243; background_image=&#8221;https:\/\/firstmile.ca\/fr\/wp-content\/uploads\/2025\/07\/travel-landscape-13.png&#8221; parallax=&#8221;on&#8221; custom_margin=&#8221;|||&#8221; custom_padding=&#8221;0px|||&#8221; global_colors_info=&#8221;{}&#8221; theme_builder_area=&#8221;post_content&#8221;][et_pb_row use_custom_gutter=&#8221;on&#8221; gutter_width=&#8221;1&#8243; custom_padding_last_edited=&#8221;on|tablet&#8221; module_class=&#8221; et_pb_row_fullwidth&#8221; _builder_version=&#8221;4.16&#8243; use_background_color_gradient=&#8221;on&#8221; background_color_gradient_stops=&#8221;#ffffff 0%|rgba(255,255,255,0) 22%&#8221; background_color_gradient_start=&#8221;#ffffff&#8221; background_color_gradient_end=&#8221;rgba(255,255,255,0)&#8221; background_color_gradient_end_position=&#8221;22%&#8221; width=&#8221;100%&#8221; width_tablet=&#8221;100%&#8221; width_phone=&#8221;100%&#8221; width_last_edited=&#8221;on|desktop&#8221; max_width=&#8221;100%&#8221; max_width_tablet=&#8221;100%&#8221; max_width_phone=&#8221;100%&#8221; max_width_last_edited=&#8221;on|desktop&#8221; custom_padding=&#8221;220px|0px|220px|0px&#8221; custom_padding_tablet=&#8221;0px|||&#8221; custom_padding_phone=&#8221;&#8221; make_fullwidth=&#8221;on&#8221; global_colors_info=&#8221;{}&#8221; theme_builder_area=&#8221;post_content&#8221;][et_pb_column type=&#8221;4_4&#8243; _builder_version=&#8221;4.16&#8243; custom_padding=&#8221;|||&#8221; global_colors_info=&#8221;{}&#8221; custom_padding__hover=&#8221;|||&#8221; theme_builder_area=&#8221;post_content&#8221;][et_pb_text admin_label=&#8221;CTA Section Title&#8221; _builder_version=&#8221;4.27.4&#8243; text_font=&#8221;||||&#8221; text_line_height=&#8221;1em&#8221; header_font=&#8221;Oswald|on||on|&#8221; header_text_align=&#8221;center&#8221; header_font_size=&#8221;60px&#8221; header_line_height=&#8221;1.3em&#8221; module_alignment=&#8221;center&#8221; custom_margin=&#8221;||60px|&#8221; custom_padding=&#8221;|||&#8221; animation_style=&#8221;slide&#8221; animation_direction=&#8221;top&#8221; animation_intensity_slide=&#8221;10%&#8221; locked=&#8221;off&#8221; global_colors_info=&#8221;{}&#8221; theme_builder_area=&#8221;post_content&#8221;]<\/p>\n<h1>suivez-nous<\/h1>\n<p>[\/et_pb_text][et_pb_social_media_follow use_icon_font_size=&#8221;on&#8221; _builder_version=&#8221;4.27.4&#8243; _module_preset=&#8221;default&#8221; text_orientation=&#8221;center&#8221; global_colors_info=&#8221;{}&#8221; theme_builder_area=&#8221;post_content&#8221;][et_pb_social_media_follow_network social_network=&#8221;facebook&#8221; _builder_version=&#8221;4.27.4&#8243; _module_preset=&#8221;default&#8221; background_color=&#8221;#3b5998&#8243; global_colors_info=&#8221;{}&#8221; theme_builder_area=&#8221;post_content&#8221; follow_button=&#8221;off&#8221; url_new_window=&#8221;on&#8221;]facebook[\/et_pb_social_media_follow_network][et_pb_social_media_follow_network social_network=&#8221;twitter&#8221; _builder_version=&#8221;4.27.4&#8243; _module_preset=&#8221;default&#8221; background_color=&#8221;#000000&#8243; global_colors_info=&#8221;{}&#8221; theme_builder_area=&#8221;post_content&#8221; follow_button=&#8221;off&#8221; url_new_window=&#8221;on&#8221;]X[\/et_pb_social_media_follow_network][\/et_pb_social_media_follow][et_pb_image src=&#8221;https:\/\/firstmile.ca\/fr\/wp-content\/uploads\/2025\/07\/couple2.png&#8221; show_bottom_space=&#8221;off&#8221; align=&#8221;center&#8221; align_tablet=&#8221;center&#8221; align_phone=&#8221;center&#8221; align_last_edited=&#8221;on|desktop&#8221; _builder_version=&#8221;4.16&#8243; custom_margin=&#8221;100px|||&#8221; global_colors_info=&#8221;{}&#8221; theme_builder_area=&#8221;post_content&#8221;][\/et_pb_image][\/et_pb_column][\/et_pb_row][\/et_pb_section]<\/p>\n","protected":false},"excerpt":{"rendered":"<p>Qu\u2019est-ce que First\u202fMile?\u00a0 Le terme First\u202fMile fait r\u00e9f\u00e9rence aux syst\u00e8mes \u00e0 large bande locaux\u202f: les infrastructures et les r\u00e9seaux. Il se concentre sur la connectivit\u00e9 locale du point de vue d\u2019une communaut\u00e9. \u00c0 l\u2019\u00e9chelle du Canada, les Premi\u00e8res\u202fNations mettent en place des syst\u00e8mes \u00e0 large bande et les utilisent pour offrir des services \u00e0 leurs [&hellip;]<\/p>\n","protected":false},"author":1,"featured_media":0,"parent":0,"menu_order":0,"comment_status":"closed","ping_status":"closed","template":"","meta":{"_et_pb_use_builder":"on","_et_pb_old_content":"","_et_gb_content_width":"","footnotes":""},"class_list":["post-120","page","type-page","status-publish","hentry"],"_links":{"self":[{"href":"https:\/\/firstmile.ca\/fr\/wp-json\/wp\/v2\/pages\/120","targetHints":{"allow":["GET"]}}],"collection":[{"href":"https:\/\/firstmile.ca\/fr\/wp-json\/wp\/v2\/pages"}],"about":[{"href":"https:\/\/firstmile.ca\/fr\/wp-json\/wp\/v2\/types\/page"}],"author":[{"embeddable":true,"href":"https:\/\/firstmile.ca\/fr\/wp-json\/wp\/v2\/users\/1"}],"replies":[{"embeddable":true,"href":"https:\/\/firstmile.ca\/fr\/wp-json\/wp\/v2\/comments?post=120"}],"version-history":[{"count":0,"href":"https:\/\/firstmile.ca\/fr\/wp-json\/wp\/v2\/pages\/120\/revisions"}],"wp:attachment":[{"href":"https:\/\/firstmile.ca\/fr\/wp-json\/wp\/v2\/media?parent=120"}],"curies":[{"name":"wp","href":"https:\/\/api.w.org\/{rel}","templated":true}]}}